{"id":177,"date":"2022-05-28T14:10:19","date_gmt":"2022-05-28T14:10:19","guid":{"rendered":"https:\/\/www.hegibach36.ch\/?page_id=177"},"modified":"2022-05-31T07:28:27","modified_gmt":"2022-05-31T07:28:27","slug":"kochen","status":"publish","type":"page","link":"https:\/\/www.hegibach36.ch\/index.php\/zu-vermieten\/kochen\/","title":{"rendered":"Kochen"},"content":{"rendered":"\n<div class=\"wp-block-columns is-layout-flex wp-container-core-columns-is-layout-9d6595d7 wp-block-columns-is-layout-flex\">\n<div class=\"wp-block-column is-layout-flow wp-block-column-is-layout-flow\" style=\"flex-basis:50%\">\n<ul class=\"wp-block-list\"><li>Hochwertige, offene K\u00fcche<\/li><li>Granitabdeckung<\/li><li>Geschirrsp\u00fchler<\/li><\/ul>\n<\/div>\n\n\n\n<div class=\"wp-block-column is-layout-flow wp-block-column-is-layout-flow\" style=\"flex-basis:50%\">\n<ul class=\"wp-block-list\"><li>Einbauschr\u00e4nke<\/li><li>Keramikplatten mit Bodenheizung<\/li><li>Totalsaniert 2022<\/li><\/ul>\n<\/div>\n<\/div>\n\n\n\n<figure class=\"wp-block-gallery has-nested-images columns-default is-cropped wp-block-gallery-2 is-layout-flex wp-block-gallery-is-layout-flex\">\n<figure class=\"wp-block-image size-large\"><img loading=\"lazy\" decoding=\"async\" width=\"1024\" height=\"682\" data-id=\"184\" src=\"https:\/\/www.hegibach36.ch\/wp-content\/uploads\/2022\/05\/kueche1-1024x682.jpg\" alt=\"\" class=\"wp-image-184\" srcset=\"https:\/\/www.hegibach36.ch\/wp-content\/uploads\/2022\/05\/kueche1-1024x682.jpg 1024w, https:\/\/www.hegibach36.ch\/wp-content\/uploads\/2022\/05\/kueche1-300x200.jpg 300w, https:\/\/www.hegibach36.ch\/wp-content\/uploads\/2022\/05\/kueche1-768x512.jpg 768w, https:\/\/www.hegibach36.ch\/wp-content\/uploads\/2022\/05\/kueche1.jpg 1160w\" sizes=\"auto, (max-width: 1024px) 100vw, 1024px\" \/><\/figure>\n\n\n\n<figure class=\"wp-block-image size-large\"><img loading=\"lazy\" decoding=\"async\" width=\"1024\" height=\"682\" data-id=\"185\" src=\"https:\/\/www.hegibach36.ch\/wp-content\/uploads\/2022\/05\/kueche2-1024x682.jpg\" alt=\"\" class=\"wp-image-185\" srcset=\"https:\/\/www.hegibach36.ch\/wp-content\/uploads\/2022\/05\/kueche2-1024x682.jpg 1024w, https:\/\/www.hegibach36.ch\/wp-content\/uploads\/2022\/05\/kueche2-300x200.jpg 300w, https:\/\/www.hegibach36.ch\/wp-content\/uploads\/2022\/05\/kueche2-768x512.jpg 768w, https:\/\/www.hegibach36.ch\/wp-content\/uploads\/2022\/05\/kueche2.jpg 1160w\" sizes=\"auto, (max-width: 1024px) 100vw, 1024px\" \/><\/figure>\n\n\n\n<figure class=\"wp-block-image size-large\"><img loading=\"lazy\" decoding=\"async\" width=\"1024\" height=\"682\" data-id=\"188\" src=\"https:\/\/www.hegibach36.ch\/wp-content\/uploads\/2022\/05\/kueche3-1024x682.jpg\" alt=\"\" class=\"wp-image-188\" srcset=\"https:\/\/www.hegibach36.ch\/wp-content\/uploads\/2022\/05\/kueche3-1024x682.jpg 1024w, https:\/\/www.hegibach36.ch\/wp-content\/uploads\/2022\/05\/kueche3-300x200.jpg 300w, https:\/\/www.hegibach36.ch\/wp-content\/uploads\/2022\/05\/kueche3-768x512.jpg 768w, https:\/\/www.hegibach36.ch\/wp-content\/uploads\/2022\/05\/kueche3.jpg 1160w\" sizes=\"auto, (max-width: 1024px) 100vw, 1024px\" \/><\/figure>\n\n\n\n<figure class=\"wp-block-image size-large\"><img loading=\"lazy\" decoding=\"async\" width=\"1024\" height=\"682\" data-id=\"190\" src=\"https:\/\/www.hegibach36.ch\/wp-content\/uploads\/2022\/05\/kueche4-1024x682.jpg\" alt=\"\" class=\"wp-image-190\" srcset=\"https:\/\/www.hegibach36.ch\/wp-content\/uploads\/2022\/05\/kueche4-1024x682.jpg 1024w, https:\/\/www.hegibach36.ch\/wp-content\/uploads\/2022\/05\/kueche4-300x200.jpg 300w, https:\/\/www.hegibach36.ch\/wp-content\/uploads\/2022\/05\/kueche4-768x512.jpg 768w, https:\/\/www.hegibach36.ch\/wp-content\/uploads\/2022\/05\/kueche4.jpg 1160w\" sizes=\"auto, (max-width: 1024px) 100vw, 1024px\" \/><\/figure>\n\n\n\n<figure class=\"wp-block-image size-large\"><img loading=\"lazy\" decoding=\"async\" width=\"1024\" height=\"682\" data-id=\"191\" src=\"https:\/\/www.hegibach36.ch\/wp-content\/uploads\/2022\/05\/kueche5-1024x682.jpg\" alt=\"\" class=\"wp-image-191\" srcset=\"https:\/\/www.hegibach36.ch\/wp-content\/uploads\/2022\/05\/kueche5-1024x682.jpg 1024w, https:\/\/www.hegibach36.ch\/wp-content\/uploads\/2022\/05\/kueche5-300x200.jpg 300w, https:\/\/www.hegibach36.ch\/wp-content\/uploads\/2022\/05\/kueche5-768x512.jpg 768w, https:\/\/www.hegibach36.ch\/wp-content\/uploads\/2022\/05\/kueche5.jpg 1160w\" sizes=\"auto, (max-width: 1024px) 100vw, 1024px\" \/><\/figure>\n<\/figure>\n\n\n\n<p><br>In den Wohnungen sind helle Keramikplatten verlegt.&nbsp;Die hochwertigen K\u00fcchen bieten eine Granitabdeckung, Einbauschr\u00e4nke und Geschirrsp\u00fchler. Multimediasteckdosen vorhanden. Die Bilder zeigen den Wohnungsstandard und k\u00f6nnen von der Realit\u00e4t leicht abweichen.<\/p>\n","protected":false},"excerpt":{"rendered":"<p>Hochwertige, offene K\u00fcche Granitabdeckung Geschirrsp\u00fchler Einbauschr\u00e4nke Keramikplatten mit Bodenheizung Totalsaniert 2022 In den Wohnungen sind helle Keramikplatten verlegt.&nbsp;Die hochwertigen K\u00fcchen bieten eine Granitabdeckung, Einbauschr\u00e4nke und Geschirrsp\u00fchler. Multimediasteckdosen vorhanden. Die Bilder zeigen den Wohnungsstandard und k\u00f6nnen von der Realit\u00e4t leicht abweichen.<\/p>\n","protected":false},"author":1,"featured_media":0,"parent":83,"menu_order":0,"comment_status":"closed","ping_status":"closed","template":"","meta":{"footnotes":""},"class_list":["post-177","page","type-page","status-publish","hentry"],"acf":[],"_links":{"self":[{"href":"https:\/\/www.hegibach36.ch\/index.php\/wp-json\/wp\/v2\/pages\/177","targetHints":{"allow":["GET"]}}],"collection":[{"href":"https:\/\/www.hegibach36.ch\/index.php\/wp-json\/wp\/v2\/pages"}],"about":[{"href":"https:\/\/www.hegibach36.ch\/index.php\/wp-json\/wp\/v2\/types\/page"}],"author":[{"embeddable":true,"href":"https:\/\/www.hegibach36.ch\/index.php\/wp-json\/wp\/v2\/users\/1"}],"replies":[{"embeddable":true,"href":"https:\/\/www.hegibach36.ch\/index.php\/wp-json\/wp\/v2\/comments?post=177"}],"version-history":[{"count":10,"href":"https:\/\/www.hegibach36.ch\/index.php\/wp-json\/wp\/v2\/pages\/177\/revisions"}],"predecessor-version":[{"id":231,"href":"https:\/\/www.hegibach36.ch\/index.php\/wp-json\/wp\/v2\/pages\/177\/revisions\/231"}],"up":[{"embeddable":true,"href":"https:\/\/www.hegibach36.ch\/index.php\/wp-json\/wp\/v2\/pages\/83"}],"wp:attachment":[{"href":"https:\/\/www.hegibach36.ch\/index.php\/wp-json\/wp\/v2\/media?parent=177"}],"curies":[{"name":"wp","href":"https:\/\/api.w.org\/{rel}","templated":true}]}}