{"id":86,"date":"2022-05-28T08:07:22","date_gmt":"2022-05-28T08:07:22","guid":{"rendered":"https:\/\/www.hegibach36.ch\/?page_id=86"},"modified":"2023-04-23T08:50:59","modified_gmt":"2023-04-23T08:50:59","slug":"ueber-hottingen","status":"publish","type":"page","link":"https:\/\/www.hegibach36.ch\/index.php\/ueber-hottingen\/","title":{"rendered":"\u00dcber Hottingen"},"content":{"rendered":"\n<p>Die ehemals selbst\u00e4ndige Gemeinde Hottingen wurde 1893 eingemeindet und bildet heute zusammen mit Fluntern, Hirslanden und Witikon den <a rel=\"noreferrer noopener\" href=\"https:\/\/de.wikipedia.org\/wiki\/Kreis_7_(Stadt_Z%C3%BCrich)\" target=\"_blank\">Kreis 7<\/a>. <\/p>\n\n\n\n<p>Der untere Teil Hottingens ist sehr gr\u00fcn und gepr\u00e4gt von \u00e4lteren Wohnbauten und Villen. Der obere Teil besteht mehrheitlich aus Wald und einem Rebberg. Die Dolderbahn bringt seit 1895 Bewohnerinnen und G\u00e4ste vom R\u00f6merhof bis in den Adlisberg. Hottingen beherbergt die Kantonsschulen R\u00e4mib\u00fchl und Hottingen, das Schauspielhaus, das 5-Stern-Hotel \u00abDolder Grand\u00bb, die Dolder Kunsteisbahn und das Dolder Schwimmbad.<\/p>\n\n\n\n<p>Die zentrale und doch ruhige Lage am Fusse des Z\u00fcrichbergs machen Hottingen zu einem Quartier mit einer hohen Lebensqualit\u00e4t.<\/p>\n\n\n\n<div class=\"wp-block-columns are-vertically-aligned-top is-layout-flex wp-container-core-columns-is-layout-9d6595d7 wp-block-columns-is-layout-flex\">\n<div class=\"wp-block-column is-vertically-aligned-top is-layout-flow wp-block-column-is-layout-flow\" style=\"flex-basis:100%\">\n<div class=\"wp-block-columns is-layout-flex wp-container-core-columns-is-layout-9d6595d7 wp-block-columns-is-layout-flex\">\n<div class=\"wp-block-column is-layout-flow wp-block-column-is-layout-flow\">\n<ul class=\"wp-block-list\">\n<li><a rel=\"noreferrer noopener\" href=\"https:\/\/de.wikipedia.org\/wiki\/Hottingen_(Stadt_Z%C3%BCrich)\" target=\"_blank\">Mehr \u00fcber Hottingen<\/a><\/li>\n\n\n\n<li><a href=\"https:\/\/www.stadt-zuerich.ch\/prd\/de\/index\/statistik\/kreise-quartiere\/07\/072_Hottingen.html\">Kennzahlen und Statistiken Hottingen<\/a><\/li>\n\n\n\n<li><a rel=\"noreferrer noopener\" href=\"https:\/\/www.stadt-zuerich.ch\/prd\/de\/index\/statistik\/publikationen-angebote\/publikationen\/Quartierspiegel\/QUARTIER_072.html\" target=\"_blank\">Quartierspiegel<\/a><\/li>\n\n\n\n<li><a rel=\"noreferrer noopener\" href=\"https:\/\/www.tagesanzeiger.ch\/24-stunden-in-hottingen-die-besten-tipps-522572696845\" target=\"_blank\">24 Stunden in Hottingen \u2013 die besten Tipps<\/a><\/li>\n<\/ul>\n<\/div>\n\n\n\n<div class=\"wp-block-column is-layout-flow wp-block-column-is-layout-flow\">\n<ul class=\"wp-block-list\">\n<li><a rel=\"noreferrer noopener\" href=\"https:\/\/hottingen.ch\/index.html\" target=\"_blank\">Quartierverein Hottingen<\/a><\/li>\n\n\n\n<li><a rel=\"noreferrer noopener\" href=\"https:\/\/gz-zh.ch\/gz-hottingen\/\" target=\"_blank\">GZ Hottingen<\/a><\/li>\n\n\n\n<li><a rel=\"noreferrer noopener\" href=\"https:\/\/stadt-zueri.ch\/strassen\/h\/hegibachstrasse\/hegibachstrasse.html\" target=\"_blank\">Gang durch Alt-Z\u00fcri: Hegibachstrasse<\/a><\/li>\n<\/ul>\n<\/div>\n<\/div>\n<\/div>\n<\/div>\n\n\n\n<figure class=\"wp-block-image size-full is-resized\"><img loading=\"lazy\" decoding=\"async\" src=\"https:\/\/www.hegibach36.ch\/wp-content\/uploads\/2022\/05\/Karte_Quartier_Hottingen.png\" alt=\"\" class=\"wp-image-246\" width=\"840\" height=\"797\" srcset=\"https:\/\/www.hegibach36.ch\/wp-content\/uploads\/2022\/05\/Karte_Quartier_Hottingen.png 885w, https:\/\/www.hegibach36.ch\/wp-content\/uploads\/2022\/05\/Karte_Quartier_Hottingen-300x285.png 300w, https:\/\/www.hegibach36.ch\/wp-content\/uploads\/2022\/05\/Karte_Quartier_Hottingen-768x729.png 768w\" sizes=\"auto, (max-width: 840px) 100vw, 840px\" \/><figcaption class=\"wp-element-caption\">Quartier Hottingen. Source: <a rel=\"noreferrer noopener\" href=\"https:\/\/de.wikipedia.org\/wiki\/Benutzer:Tschubby\" target=\"_blank\">Tschubby<\/a>. <a rel=\"noreferrer noopener\" href=\"http:\/\/creativecommons.org\/licenses\/by-sa\/3.0\/\" target=\"_blank\">CC BY-SA 3.0<\/a><\/figcaption><\/figure>\n","protected":false},"excerpt":{"rendered":"<p>Die ehemals selbst\u00e4ndige Gemeinde Hottingen wurde 1893 eingemeindet und bildet heute zusammen mit Fluntern, Hirslanden und Witikon den Kreis 7. Der untere Teil Hottingens ist sehr gr\u00fcn und gepr\u00e4gt von \u00e4lteren Wohnbauten und Villen. Der obere Teil besteht mehrheitlich aus Wald und einem Rebberg. Die Dolderbahn bringt seit 1895 Bewohnerinnen und G\u00e4ste vom R\u00f6merhof bis in den Adlisberg. Hottingen beherbergt die Kantonsschulen R\u00e4mib\u00fchl und Hottingen, das Schauspielhaus, das 5-Stern-Hotel \u00abDolder Grand\u00bb, die Dolder Kunsteisbahn und das Dolder Schwimmbad. Die zentrale und doch ruhige Lage am Fusse des Z\u00fcrichbergs machen Hottingen zu einem Quartier mit einer hohen Lebensqualit\u00e4t.<\/p>\n","protected":false},"author":1,"featured_media":0,"parent":0,"menu_order":0,"comment_status":"closed","ping_status":"closed","template":"","meta":{"footnotes":""},"class_list":["post-86","page","type-page","status-publish","hentry"],"acf":[],"_links":{"self":[{"href":"https:\/\/www.hegibach36.ch\/index.php\/wp-json\/wp\/v2\/pages\/86","targetHints":{"allow":["GET"]}}],"collection":[{"href":"https:\/\/www.hegibach36.ch\/index.php\/wp-json\/wp\/v2\/pages"}],"about":[{"href":"https:\/\/www.hegibach36.ch\/index.php\/wp-json\/wp\/v2\/types\/page"}],"author":[{"embeddable":true,"href":"https:\/\/www.hegibach36.ch\/index.php\/wp-json\/wp\/v2\/users\/1"}],"replies":[{"embeddable":true,"href":"https:\/\/www.hegibach36.ch\/index.php\/wp-json\/wp\/v2\/comments?post=86"}],"version-history":[{"count":14,"href":"https:\/\/www.hegibach36.ch\/index.php\/wp-json\/wp\/v2\/pages\/86\/revisions"}],"predecessor-version":[{"id":768,"href":"https:\/\/www.hegibach36.ch\/index.php\/wp-json\/wp\/v2\/pages\/86\/revisions\/768"}],"wp:attachment":[{"href":"https:\/\/www.hegibach36.ch\/index.php\/wp-json\/wp\/v2\/media?parent=86"}],"curies":[{"name":"wp","href":"https:\/\/api.w.org\/{rel}","templated":true}]}}